{"id":1185,"date":"2024-06-02T06:42:21","date_gmt":"2024-06-02T06:42:21","guid":{"rendered":"https:\/\/wpriverthemes.com\/bronx\/?page_id=1185"},"modified":"2025-03-14T16:07:35","modified_gmt":"2025-03-14T16:07:35","slug":"tredici","status":"publish","type":"page","link":"https:\/\/demariaemanuele.it\/index.php\/tredici\/","title":{"rendered":"Thirteen"},"content":{"rendered":"\t\t<div data-elementor-type=\"wp-page\" data-elementor-id=\"1185\" class=\"elementor elementor-1185\">\n\t\t\t\t<div class=\"elementor-element elementor-element-bb15831 e-con-full e-flex e-con e-parent\" data-id=\"bb15831\" data-element_type=\"container\">\n\t\t\t\t<div class=\"elementor-element elementor-element-f78821a elementor-widget elementor-widget-workdetailhero\" data-id=\"f78821a\" data-element_type=\"widget\" data-widget_type=\"workdetailhero.default\">\n\t\t\t\t<div class=\"elementor-widget-container\">\n\t\t\t\t\t\n<!-- ===== Work Detail Header Start ===== -->\n<section class=\"work-detail-header-infos\" data-aos=\"slide-up\">\n        <div class=\"work-detail-header-left\">\n        <h1>THIRTEEN\u00ae<\/h1>\n        <p>\"Thirten\" rappresenta la sfida alle norme e la celebrazione dell\u00b4individualit\u00e0, invitando le persone ad abbracciare la propria unicit\u00e0 e a camminare con fiducia verso il proprio destino<\/p>\n    <\/div>\n    \n        <div class=\"work-detail-header-right\">\n        <ul>\n                            <li><span>PER<\/span> ILAS ACADEMY<\/li>\n                            <li><span>ANNO<\/span> 2024<\/li>\n                            <li><span>CATEGORIA<\/span> WEB <\/li>\n                            <li><span>progetto <\/span> <a href=\"https:\/\/demariaemanuele.it\/thirteen\/\">VISITA ORA<\/a><\/li>\n                        <\/ul>    <\/div>\n    <\/section>\n<!-- ===== Work Detail Header End ===== -->\n   \n\n    \t\t\t\t<\/div>\n\t\t\t\t<\/div>\n\t\t\t\t<\/div>\n\t\t<div class=\"elementor-element elementor-element-0442296 e-con-full e-flex e-con e-parent\" data-id=\"0442296\" data-element_type=\"container\">\n\t\t\t\t<div class=\"elementor-element elementor-element-c0e0536 elementor-widget elementor-widget-workdetailimage\" data-id=\"c0e0536\" data-element_type=\"widget\" data-widget_type=\"workdetailimage.default\">\n\t\t\t\t<div class=\"elementor-widget-container\">\n\t\t\t\t\t\n<!-- ===== Work Detail Full Image Start ===== -->\n<div class=\"work-detail-full-img-wrap work-detail-full-img-wrap2\">\n            <div class=\"work-detail-full-img\">\n         <img decoding=\"async\" src=\"https:\/\/demariaemanuele.it\/wp-content\/uploads\/2025\/03\/mockup-iphone-pietra.jpg\" alt=\"\">    <\/div>\n        <\/div>\n<!-- ===== Work Detail Full Image End ===== -->\n\n\n    \t\t\t\t<\/div>\n\t\t\t\t<\/div>\n\t\t\t\t<\/div>\n\t\t<div class=\"elementor-element elementor-element-e3eab1e e-con-full e-flex e-con e-parent\" data-id=\"e3eab1e\" data-element_type=\"container\">\n\t\t\t\t<div class=\"elementor-element elementor-element-29147f3 elementor-widget elementor-widget-workdetailcontent\" data-id=\"29147f3\" data-element_type=\"widget\" data-widget_type=\"workdetailcontent.default\">\n\t\t\t\t<div class=\"elementor-widget-container\">\n\t\t\t\t\t\n<!-- ===== Work Detail2 Start ===== -->\n<div class=\"work-detail2-content-wrap \">\n            <div class=\"work-detail2-content-box\">\n        <div class=\"left\">\n            <h4>RICERCA<\/h4>\n        <\/div>\n        <div class=\"right\">\n            <p data-aos=\"slide-up\">Il mio progetto finale per l'Ilas Academy, che ha segnato l'inizio di un nuovo capitolo della mia vita.\n\n<br>Il numero tredici, spesso considerato sfortunato, diventa la mia fonte di ispirazione. Ho deciso di abbracciare la superstizione, trasformandola in un simbolo di fortuna e dirompendo gli stereotipi. <br> \nLe finiture metalliche che avrebbero caratterizzato le scarpe \"Thirteen\" divenne il mezzo per esprimere la forza e la resilienza, simboleggiando il superamento delle sfide. Nascono le sneakers Thirteen e insieme a loro, il sito web, che avrebbero rappresentato chi nel mondo si \u00e8 sempre sentito una goccia di argento in un mare di fango<\/p>\n        <\/div>\n    <\/div>\n                <div class=\"work-detail2-content-box\">\n        <div class=\"left\">\n            <h4>DESIGN<\/h4>\n        <\/div>\n        <div class=\"right\">\n            <p data-aos=\"slide-up\">Ogni elemento della scarpa \u00e8 stato progettato per fondere innovazione e stile. Le linee dinamiche e i materiali high-tech evocano un senso di movimento costante, mentre la palette cromatica, dominata dal nero e da sfumature metalliche, trasmette esclusivit\u00e0 e modernit\u00e0.\n\nL\u2019identit\u00e0 visiva di Thirteen si estende anche all\u2019esperienza digitale, con un\u2019interfaccia minimalista ma potente, caratterizzata da font decisi e layout immersivi. Questo non \u00e8 solo un prodotto, ma un simbolo di appartenenza per una generazione che vive tra fisico e digitale, tra realt\u00e0 e possibilit\u00e0 infinite.<\/p>\n        <\/div>\n    <\/div>\n                <div class=\"work-detail2-content-box\">\n        <div class=\"left\">\n            <h4>SVILUPPO<\/h4>\n        <\/div>\n        <div class=\"right\">\n            <p data-aos=\"slide-up\">Il sito web \u00e8 stato sviluppato interamente in codice da me tramite HTML, CSS e Javascript + l'utilizzo di librerie come Bootstrap e Animate on Scroll<\/p>\n        <\/div>\n    <\/div>\n        <\/div>\n<!-- ===== Work Detail2 End ===== -->\n \n    \n    \t\t\t\t<\/div>\n\t\t\t\t<\/div>\n\t\t\t\t<\/div>\n\t\t<div class=\"elementor-element elementor-element-41d537e e-con-full e-flex e-con e-parent\" data-id=\"41d537e\" data-element_type=\"container\">\n\t\t\t\t<div class=\"elementor-element elementor-element-9a728d3 elementor-widget elementor-widget-workdetailimage\" data-id=\"9a728d3\" data-element_type=\"widget\" data-widget_type=\"workdetailimage.default\">\n\t\t\t\t<div class=\"elementor-widget-container\">\n\t\t\t\t\t\n<!-- ===== Work Detail Full Image Start ===== -->\n<div class=\"work-detail-full-img-wrap work-detail-full-img-wrap2\">\n            <div class=\"work-detail-full-img\">\n         <img decoding=\"async\" src=\"https:\/\/demariaemanuele.it\/wp-content\/uploads\/2025\/03\/opengraph.gif\" alt=\"\">    <\/div>\n        <\/div>\n<!-- ===== Work Detail Full Image End ===== -->\n\n\n    \t\t\t\t<\/div>\n\t\t\t\t<\/div>\n\t\t\t\t<\/div>\n\t\t<div class=\"elementor-element elementor-element-f2aad1d e-con-full e-flex e-con e-parent\" data-id=\"f2aad1d\" data-element_type=\"container\">\n\t\t\t\t<div class=\"elementor-element elementor-element-b0f7119 elementor-widget elementor-widget-workdetailimage\" data-id=\"b0f7119\" data-element_type=\"widget\" data-widget_type=\"workdetailimage.default\">\n\t\t\t\t<div class=\"elementor-widget-container\">\n\t\t\t\t\t\n<!-- ===== Work Detail Full Image Start ===== -->\n<div class=\"work-detail-full-img-wrap work-detail-full-img-wrap2\">\n            <div class=\"work-detail-full-img\">\n         <img decoding=\"async\" src=\"https:\/\/demariaemanuele.it\/wp-content\/uploads\/2025\/03\/mockup-thirteen-macbook.jpg\" alt=\"\">    <\/div>\n        <\/div>\n<!-- ===== Work Detail Full Image End ===== -->\n\n\n    \t\t\t\t<\/div>\n\t\t\t\t<\/div>\n\t\t\t\t<\/div>\n\t\t<div class=\"elementor-element elementor-element-fefeac9 e-con-full e-flex e-con e-parent\" data-id=\"fefeac9\" data-element_type=\"container\">\n\t\t\t\t<div class=\"elementor-element elementor-element-4f36dac elementor-widget elementor-widget-workdetailanimationtext\" data-id=\"4f36dac\" data-element_type=\"widget\" data-widget_type=\"workdetailanimationtext.default\">\n\t\t\t\t<div class=\"elementor-widget-container\">\n\t\t\t\t\t\n<!-- ===== Work Detail Text Animation Start ===== -->\n<div class=\"work-detail-text-anim-wrap\">\n    <ul>\n                <li>MORE WORKS <span>MORE WORKS<\/span><\/li>\n                <li>MORE WORKS <span>MORE WORKS<\/span><\/li>\n                <li>MORE WORKS <span>MORE WORKS<\/span><\/li>\n                <li>MORE WORKS <span>MORE WORKS<\/span><\/li>\n            <\/ul>\n<\/div>\n<!-- ===== Work Detail Text Animation End ===== -->\n\n\n    \t\t\t\t<\/div>\n\t\t\t\t<\/div>\n\t\t\t\t<\/div>\n\t\t<div class=\"elementor-element elementor-element-4af59c6 e-con-full e-flex e-con e-parent\" data-id=\"4af59c6\" data-element_type=\"container\">\n\t\t\t\t<div class=\"elementor-element elementor-element-b9d6cc0 elementor-widget elementor-widget-homefeatured\" data-id=\"b9d6cc0\" data-element_type=\"widget\" data-widget_type=\"homefeatured.default\">\n\t\t\t\t<div class=\"elementor-widget-container\">\n\t\t\t\t\t\n<!-- ===== Featured Work Start ===== -->\n<section class=\"featured-work-sec\">\n    \n    <div class=\"featured-work-lists\">\n\n        \n                <!-- Featured Cart -->\n        <div class=\"featured-card\">\n            <a             class=\"link-overlay\" href=\"https:\/\/demariaemanuele.it\/index.php\/shakeramm\/\"><\/a>\n                        <div class=\"img-box\">\n                <img decoding=\"async\" src=\"https:\/\/demariaemanuele.it\/wp-content\/uploads\/2025\/03\/Frame-19.jpg\" alt=\"\">            <\/div>\n                        <div class=\"content\">\n                <div class=\"left\">\n                    <p class=\"title\">Shakeremm <\/p>\n                    <p class=\"subtitle\">Web Design<\/p>\n                <\/div>\n                                <div class=\"right\">\n                    <span class=\"date\">2024<\/span>\n                <\/div>\n                            <\/div>\n        <\/div>\n                \n                <!-- Featured Cart -->\n        <div class=\"featured-card\">\n            <a             class=\"link-overlay\" href=\"\"><\/a>\n                        <div class=\"img-box\">\n                <img decoding=\"async\" src=\"https:\/\/demariaemanuele.it\/wp-content\/uploads\/2025\/03\/magica-yacthing.png\" alt=\"\">            <\/div>\n                        <div class=\"content\">\n                <div class=\"left\">\n                    <p class=\"title\">Magica Yachting<\/p>\n                    <p class=\"subtitle\">Branding<\/p>\n                <\/div>\n                                <div class=\"right\">\n                    <span class=\"date\">2022<\/span>\n                <\/div>\n                            <\/div>\n        <\/div>\n                \n    <\/div>\n<\/section>\n<!-- ===== Featured Work End ===== -->\n\n    \t\t\t\t<\/div>\n\t\t\t\t<\/div>\n\t\t\t\t<\/div>\n\t\t\t\t<\/div>\n\t\t","protected":false},"excerpt":{"rendered":"<p>THIRTEEN\u00ae &#8220;Thirten&#8221; rappresenta la sfida alle norme e la celebrazione dell\u00b4individualit\u00e0, invitando le persone ad abbracciare la propria unicit\u00e0 e a camminare con fiducia verso il proprio destino PER ILAS ACADEMY ANNO 2024 CATEGORIA WEB progetto VISITA ORA RICERCA Il mio progetto finale per l&#8217;Ilas Academy, che ha segnato l&#8217;inizio di un nuovo capitolo della [&hellip;]<\/p>\n","protected":false},"author":1,"featured_media":0,"parent":0,"menu_order":0,"comment_status":"closed","ping_status":"closed","template":"page-templates\/work-detail.php","meta":{"_monsterinsights_skip_tracking":false,"_monsterinsights_sitenote_active":false,"_monsterinsights_sitenote_note":"","_monsterinsights_sitenote_category":0,"footnotes":""},"class_list":["post-1185","page","type-page","status-publish","hentry"],"yoast_head":"<!-- This site is optimized with the Yoast SEO plugin v25.7 - https:\/\/yoast.com\/wordpress\/plugins\/seo\/ -->\n<title>Thirteen - Emanuele De Maria - Web Designer<\/title>\n<meta name=\"robots\" content=\"index, follow, max-snippet:-1, max-image-preview:large, max-video-preview:-1\" \/>\n<link rel=\"canonical\" href=\"https:\/\/demariaemanuele.it\/index.php\/tredici\/\" \/>\n<meta property=\"og:locale\" content=\"it_IT\" \/>\n<meta property=\"og:type\" content=\"article\" \/>\n<meta property=\"og:title\" content=\"Thirteen - Emanuele De Maria - Web Designer\" \/>\n<meta property=\"og:description\" content=\"THIRTEEN\u00ae &#8220;Thirten&#8221; rappresenta la sfida alle norme e la celebrazione dell\u00b4individualit\u00e0, invitando le persone ad abbracciare la propria unicit\u00e0 e a camminare con fiducia verso il proprio destino PER ILAS ACADEMY ANNO 2024 CATEGORIA WEB progetto VISITA ORA RICERCA Il mio progetto finale per l&#8217;Ilas Academy, che ha segnato l&#8217;inizio di un nuovo capitolo della [&hellip;]\" \/>\n<meta property=\"og:url\" content=\"https:\/\/demariaemanuele.it\/index.php\/tredici\/\" \/>\n<meta property=\"og:site_name\" content=\"Emanuele De Maria - Web Designer\" \/>\n<meta property=\"article:modified_time\" content=\"2025-03-14T16:07:35+00:00\" \/>\n<meta property=\"og:image\" content=\"https:\/\/demariaemanuele.it\/wp-content\/uploads\/2025\/03\/mockup-iphone-pietra.jpg\" \/>\n<meta name=\"twitter:card\" content=\"summary_large_image\" \/>\n<meta name=\"twitter:label1\" content=\"Tempo di lettura stimato\" \/>\n\t<meta name=\"twitter:data1\" content=\"3 minuti\" \/>\n<script type=\"application\/ld+json\" class=\"yoast-schema-graph\">{\"@context\":\"https:\/\/schema.org\",\"@graph\":[{\"@type\":\"WebPage\",\"@id\":\"https:\/\/demariaemanuele.it\/index.php\/tredici\/\",\"url\":\"https:\/\/demariaemanuele.it\/index.php\/tredici\/\",\"name\":\"Thirteen - Emanuele De Maria - Web Designer\",\"isPartOf\":{\"@id\":\"https:\/\/demariaemanuele.it\/#website\"},\"primaryImageOfPage\":{\"@id\":\"https:\/\/demariaemanuele.it\/index.php\/tredici\/#primaryimage\"},\"image\":{\"@id\":\"https:\/\/demariaemanuele.it\/index.php\/tredici\/#primaryimage\"},\"thumbnailUrl\":\"https:\/\/demariaemanuele.it\/wp-content\/uploads\/2025\/03\/mockup-iphone-pietra.jpg\",\"datePublished\":\"2024-06-02T06:42:21+00:00\",\"dateModified\":\"2025-03-14T16:07:35+00:00\",\"breadcrumb\":{\"@id\":\"https:\/\/demariaemanuele.it\/index.php\/tredici\/#breadcrumb\"},\"inLanguage\":\"it-IT\",\"potentialAction\":[{\"@type\":\"ReadAction\",\"target\":[\"https:\/\/demariaemanuele.it\/index.php\/tredici\/\"]}]},{\"@type\":\"ImageObject\",\"inLanguage\":\"it-IT\",\"@id\":\"https:\/\/demariaemanuele.it\/index.php\/tredici\/#primaryimage\",\"url\":\"https:\/\/demariaemanuele.it\/wp-content\/uploads\/2025\/03\/mockup-iphone-pietra.jpg\",\"contentUrl\":\"https:\/\/demariaemanuele.it\/wp-content\/uploads\/2025\/03\/mockup-iphone-pietra.jpg\",\"width\":1080,\"height\":810},{\"@type\":\"BreadcrumbList\",\"@id\":\"https:\/\/demariaemanuele.it\/index.php\/tredici\/#breadcrumb\",\"itemListElement\":[{\"@type\":\"ListItem\",\"position\":1,\"name\":\"Home\",\"item\":\"https:\/\/demariaemanuele.it\/\"},{\"@type\":\"ListItem\",\"position\":2,\"name\":\"Thirteen\"}]},{\"@type\":\"WebSite\",\"@id\":\"https:\/\/demariaemanuele.it\/#website\",\"url\":\"https:\/\/demariaemanuele.it\/\",\"name\":\"Emanuele De Maria - Web Designer\",\"description\":\"Web Designer\",\"potentialAction\":[{\"@type\":\"SearchAction\",\"target\":{\"@type\":\"EntryPoint\",\"urlTemplate\":\"https:\/\/demariaemanuele.it\/?s={search_term_string}\"},\"query-input\":{\"@type\":\"PropertyValueSpecification\",\"valueRequired\":true,\"valueName\":\"search_term_string\"}}],\"inLanguage\":\"it-IT\"}]}<\/script>\n<!-- \/ Yoast SEO plugin. -->","yoast_head_json":{"title":"Thirteen - Emanuele De Maria - Web Designer","robots":{"index":"index","follow":"follow","max-snippet":"max-snippet:-1","max-image-preview":"max-image-preview:large","max-video-preview":"max-video-preview:-1"},"canonical":"https:\/\/demariaemanuele.it\/index.php\/tredici\/","og_locale":"it_IT","og_type":"article","og_title":"Thirteen - Emanuele De Maria - Web Designer","og_description":"THIRTEEN\u00ae &#8220;Thirten&#8221; rappresenta la sfida alle norme e la celebrazione dell\u00b4individualit\u00e0, invitando le persone ad abbracciare la propria unicit\u00e0 e a camminare con fiducia verso il proprio destino PER ILAS ACADEMY ANNO 2024 CATEGORIA WEB progetto VISITA ORA RICERCA Il mio progetto finale per l&#8217;Ilas Academy, che ha segnato l&#8217;inizio di un nuovo capitolo della [&hellip;]","og_url":"https:\/\/demariaemanuele.it\/index.php\/tredici\/","og_site_name":"Emanuele De Maria - Web Designer","article_modified_time":"2025-03-14T16:07:35+00:00","og_image":[{"url":"https:\/\/demariaemanuele.it\/wp-content\/uploads\/2025\/03\/mockup-iphone-pietra.jpg","type":"","width":"","height":""}],"twitter_card":"summary_large_image","twitter_misc":{"Tempo di lettura stimato":"3 minuti"},"schema":{"@context":"https:\/\/schema.org","@graph":[{"@type":"WebPage","@id":"https:\/\/demariaemanuele.it\/index.php\/tredici\/","url":"https:\/\/demariaemanuele.it\/index.php\/tredici\/","name":"Thirteen - Emanuele De Maria - Web Designer","isPartOf":{"@id":"https:\/\/demariaemanuele.it\/#website"},"primaryImageOfPage":{"@id":"https:\/\/demariaemanuele.it\/index.php\/tredici\/#primaryimage"},"image":{"@id":"https:\/\/demariaemanuele.it\/index.php\/tredici\/#primaryimage"},"thumbnailUrl":"https:\/\/demariaemanuele.it\/wp-content\/uploads\/2025\/03\/mockup-iphone-pietra.jpg","datePublished":"2024-06-02T06:42:21+00:00","dateModified":"2025-03-14T16:07:35+00:00","breadcrumb":{"@id":"https:\/\/demariaemanuele.it\/index.php\/tredici\/#breadcrumb"},"inLanguage":"it-IT","potentialAction":[{"@type":"ReadAction","target":["https:\/\/demariaemanuele.it\/index.php\/tredici\/"]}]},{"@type":"ImageObject","inLanguage":"it-IT","@id":"https:\/\/demariaemanuele.it\/index.php\/tredici\/#primaryimage","url":"https:\/\/demariaemanuele.it\/wp-content\/uploads\/2025\/03\/mockup-iphone-pietra.jpg","contentUrl":"https:\/\/demariaemanuele.it\/wp-content\/uploads\/2025\/03\/mockup-iphone-pietra.jpg","width":1080,"height":810},{"@type":"BreadcrumbList","@id":"https:\/\/demariaemanuele.it\/index.php\/tredici\/#breadcrumb","itemListElement":[{"@type":"ListItem","position":1,"name":"Home","item":"https:\/\/demariaemanuele.it\/"},{"@type":"ListItem","position":2,"name":"Thirteen"}]},{"@type":"WebSite","@id":"https:\/\/demariaemanuele.it\/#website","url":"https:\/\/demariaemanuele.it\/","name":"Emanuele De Maria - Web Designer","description":"Web Designer","potentialAction":[{"@type":"SearchAction","target":{"@type":"EntryPoint","urlTemplate":"https:\/\/demariaemanuele.it\/?s={search_term_string}"},"query-input":{"@type":"PropertyValueSpecification","valueRequired":true,"valueName":"search_term_string"}}],"inLanguage":"it-IT"}]}},"_links":{"self":[{"href":"https:\/\/demariaemanuele.it\/index.php\/wp-json\/wp\/v2\/pages\/1185","targetHints":{"allow":["GET"]}}],"collection":[{"href":"https:\/\/demariaemanuele.it\/index.php\/wp-json\/wp\/v2\/pages"}],"about":[{"href":"https:\/\/demariaemanuele.it\/index.php\/wp-json\/wp\/v2\/types\/page"}],"author":[{"embeddable":true,"href":"https:\/\/demariaemanuele.it\/index.php\/wp-json\/wp\/v2\/users\/1"}],"replies":[{"embeddable":true,"href":"https:\/\/demariaemanuele.it\/index.php\/wp-json\/wp\/v2\/comments?post=1185"}],"version-history":[{"count":59,"href":"https:\/\/demariaemanuele.it\/index.php\/wp-json\/wp\/v2\/pages\/1185\/revisions"}],"predecessor-version":[{"id":1987,"href":"https:\/\/demariaemanuele.it\/index.php\/wp-json\/wp\/v2\/pages\/1185\/revisions\/1987"}],"wp:attachment":[{"href":"https:\/\/demariaemanuele.it\/index.php\/wp-json\/wp\/v2\/media?parent=1185"}],"curies":[{"name":"wp","href":"https:\/\/api.w.org\/{rel}","templated":true}]}}